{"id":407,"date":"2020-04-05T18:16:04","date_gmt":"2020-04-05T16:16:04","guid":{"rendered":"https:\/\/golf-and-steel.wfp3.de\/?post_type=product&#038;p=407"},"modified":"2025-09-28T13:42:12","modified_gmt":"2025-09-28T11:42:12","slug":"tischrack-fuer-5-golfbaelle","status":"publish","type":"product","link":"https:\/\/golfandsteel.com\/en\/product\/tischrack-fuer-5-golfbaelle\/","title":{"rendered":"Golf ball table rack PRO5"},"content":{"rendered":"<p><strong>For installation on flat surfaces, rectangular<br \/>\n<\/strong>Article no.: TRPRO5<strong><br \/>\n<\/strong><\/p>\n<p>Ma\u00dfe: 40 x 43 x 260 mm (H\u00f6he x Breite x L\u00e4nge)<\/p>\n<p>Material: Stainless steel with ground surface; drilled, edged and edges deburred.<\/p>\n<p>Made in Germany.<br \/>\nWeight: 0.5 kg, weight including packaging: 0.815 kg<br \/>\nDimensions including packaging: 355 x 240 x 140 mm<\/p>","protected":false},"excerpt":{"rendered":"<p>Display for 5 special golf balls<\/p>","protected":false},"featured_media":712,"comment_status":"open","ping_status":"closed","template":"","meta":{"_acf_changed":false,"iawp_total_views":101},"product_brand":[],"product_cat":[17],"product_tag":[21],"class_list":{"0":"post-407","1":"product","2":"type-product","3":"status-publish","4":"has-post-thumbnail","6":"product_cat-tischracks","7":"product_tag-neu","8":"product_shipping_class-paket-bis-2-kg","10":"first","11":"instock","12":"taxable","13":"shipping-taxable","14":"purchasable","15":"product-type-simple"},"acf":[],"_links":{"self":[{"href":"https:\/\/golfandsteel.com\/en\/wp-json\/wp\/v2\/product\/407","targetHints":{"allow":["GET"]}}],"collection":[{"href":"https:\/\/golfandsteel.com\/en\/wp-json\/wp\/v2\/product"}],"about":[{"href":"https:\/\/golfandsteel.com\/en\/wp-json\/wp\/v2\/types\/product"}],"replies":[{"embeddable":true,"href":"https:\/\/golfandsteel.com\/en\/wp-json\/wp\/v2\/comments?post=407"}],"wp:featuredmedia":[{"embeddable":true,"href":"https:\/\/golfandsteel.com\/en\/wp-json\/wp\/v2\/media\/712"}],"wp:attachment":[{"href":"https:\/\/golfandsteel.com\/en\/wp-json\/wp\/v2\/media?parent=407"}],"wp:term":[{"taxonomy":"product_brand","embeddable":true,"href":"https:\/\/golfandsteel.com\/en\/wp-json\/wp\/v2\/product_brand?post=407"},{"taxonomy":"product_cat","embeddable":true,"href":"https:\/\/golfandsteel.com\/en\/wp-json\/wp\/v2\/product_cat?post=407"},{"taxonomy":"product_tag","embeddable":true,"href":"https:\/\/golfandsteel.com\/en\/wp-json\/wp\/v2\/product_tag?post=407"}],"curies":[{"name":"wp","href":"https:\/\/api.w.org\/{rel}","templated":true}]}}