{"id":1606,"date":"2024-08-16T19:37:35","date_gmt":"2024-08-16T17:37:35","guid":{"rendered":"https:\/\/golfandsteel.com\/?post_type=product&#038;p=1606"},"modified":"2024-08-21T12:43:11","modified_gmt":"2024-08-21T10:43:11","slug":"golferin-aus-cortenstahl-350-oder-500-mm-mit-erdspiess","status":"publish","type":"product","link":"https:\/\/golfandsteel.com\/en\/product\/golferin-aus-cortenstahl-350-oder-500-mm-mit-erdspiess\/","title":{"rendered":"Female Golfer made of Corten steel, 350 or 500 mm (with ground spike)"},"content":{"rendered":"","protected":false},"excerpt":{"rendered":"<p>Golferin-Silhouette \u201eGolferin S 350 mm oder Golferin M 500 mm\u201c (bitte ausw\u00e4hlen) aus Cortenstahl mit Erdspie\u00df, geeignet f\u00fcr den Au\u00dfeneinsatz.<\/p>","protected":false},"featured_media":1364,"comment_status":"closed","ping_status":"closed","template":"","meta":{"_acf_changed":false,"iawp_total_views":117},"product_brand":[],"product_cat":[26],"product_tag":[21],"class_list":{"0":"post-1606","1":"product","2":"type-product","3":"status-publish","4":"has-post-thumbnail","6":"product_cat-accessoires","7":"product_tag-neu","8":"product_shipping_class-paket-bis-2-kg","10":"first","11":"instock","12":"taxable","13":"shipping-taxable","14":"purchasable","15":"product-type-variable","16":"has-default-attributes"},"acf":[],"_links":{"self":[{"href":"https:\/\/golfandsteel.com\/en\/wp-json\/wp\/v2\/product\/1606","targetHints":{"allow":["GET"]}}],"collection":[{"href":"https:\/\/golfandsteel.com\/en\/wp-json\/wp\/v2\/product"}],"about":[{"href":"https:\/\/golfandsteel.com\/en\/wp-json\/wp\/v2\/types\/product"}],"replies":[{"embeddable":true,"href":"https:\/\/golfandsteel.com\/en\/wp-json\/wp\/v2\/comments?post=1606"}],"wp:featuredmedia":[{"embeddable":true,"href":"https:\/\/golfandsteel.com\/en\/wp-json\/wp\/v2\/media\/1364"}],"wp:attachment":[{"href":"https:\/\/golfandsteel.com\/en\/wp-json\/wp\/v2\/media?parent=1606"}],"wp:term":[{"taxonomy":"product_brand","embeddable":true,"href":"https:\/\/golfandsteel.com\/en\/wp-json\/wp\/v2\/product_brand?post=1606"},{"taxonomy":"product_cat","embeddable":true,"href":"https:\/\/golfandsteel.com\/en\/wp-json\/wp\/v2\/product_cat?post=1606"},{"taxonomy":"product_tag","embeddable":true,"href":"https:\/\/golfandsteel.com\/en\/wp-json\/wp\/v2\/product_tag?post=1606"}],"curies":[{"name":"wp","href":"https:\/\/api.w.org\/{rel}","templated":true}]}}