{"id":1567,"date":"2024-07-01T19:27:49","date_gmt":"2024-07-01T17:27:49","guid":{"rendered":"https:\/\/golfandsteel.com\/?post_type=product&#038;p=1567"},"modified":"2024-07-01T19:31:53","modified_gmt":"2024-07-01T17:31:53","slug":"club-rack-17-fuer-ihre-driving-range","status":"publish","type":"product","link":"https:\/\/golfandsteel.com\/en\/product\/club-rack-17-fuer-ihre-driving-range\/","title":{"rendered":"Club-Rack 17 f\u00fcr Ihre Driving Range"},"content":{"rendered":"<p>Club-Rack 17 f\u00fcr Ihre Driving Range, pulverbeschichtet RAL9005 schwarz Feinstruktur<\/p>\n<p>Article no.:GOLFSCHL-RACK-PRO17-9005<\/p>\n<p>Dimensions H approx. 100 x W 750 x D 280 mm<\/p>\n<p>Weight: approx. 7.5 kg<\/p>\n<p>Laser-cut, deburred, edged, powder-coated RAL 9005 black fine structure<\/p>\n<p>Without sticks<\/p>\n<p>Holder for up to 17 golf clubs.<\/p>\n<p>There is space for up to 17 rackets in this modern stand, which automatically balances your rackets thanks to its clever design.<\/p>\n<p>Upgraden Sie den Trainingsbereich mit einem optischen Highlight und zugleich funktionellen Schl\u00e4gerst\u00e4nder. Unsere Clubracks verhelfen Ihnen als Betreiber zu einer aufger\u00e4umten Trainingsfl\u00e4che und schonen ihre W\u00e4nde vor Kratzern und Verschmutzung. Dem Spieler bieten sie eine top \u00dcbersicht \u00fcber seine Schl\u00e4ger und vermeiden das l\u00e4stige Kramen im Bag.<\/p>","protected":false},"excerpt":{"rendered":"<p>Schl\u00e4gerst\u00e4nder f\u00fcr bis zu 17 Golfschl\u00e4ger. F\u00fcr den Einsatz auf der Driving Range.<\/p>","protected":false},"featured_media":1488,"comment_status":"open","ping_status":"closed","template":"","meta":{"_acf_changed":false,"iawp_total_views":106},"product_brand":[],"product_cat":[28],"product_tag":[21],"class_list":{"0":"post-1567","1":"product","2":"type-product","3":"status-publish","4":"has-post-thumbnail","6":"product_cat-golfclubs","7":"product_tag-neu","8":"product_shipping_class-paket-bis-10-kg","10":"first","11":"instock","12":"taxable","13":"shipping-taxable","14":"purchasable","15":"product-type-simple"},"acf":[],"_links":{"self":[{"href":"https:\/\/golfandsteel.com\/en\/wp-json\/wp\/v2\/product\/1567","targetHints":{"allow":["GET"]}}],"collection":[{"href":"https:\/\/golfandsteel.com\/en\/wp-json\/wp\/v2\/product"}],"about":[{"href":"https:\/\/golfandsteel.com\/en\/wp-json\/wp\/v2\/types\/product"}],"replies":[{"embeddable":true,"href":"https:\/\/golfandsteel.com\/en\/wp-json\/wp\/v2\/comments?post=1567"}],"wp:featuredmedia":[{"embeddable":true,"href":"https:\/\/golfandsteel.com\/en\/wp-json\/wp\/v2\/media\/1488"}],"wp:attachment":[{"href":"https:\/\/golfandsteel.com\/en\/wp-json\/wp\/v2\/media?parent=1567"}],"wp:term":[{"taxonomy":"product_brand","embeddable":true,"href":"https:\/\/golfandsteel.com\/en\/wp-json\/wp\/v2\/product_brand?post=1567"},{"taxonomy":"product_cat","embeddable":true,"href":"https:\/\/golfandsteel.com\/en\/wp-json\/wp\/v2\/product_cat?post=1567"},{"taxonomy":"product_tag","embeddable":true,"href":"https:\/\/golfandsteel.com\/en\/wp-json\/wp\/v2\/product_tag?post=1567"}],"curies":[{"name":"wp","href":"https:\/\/api.w.org\/{rel}","templated":true}]}}