{"id":1312,"date":"2023-11-20T19:27:11","date_gmt":"2023-11-20T18:27:11","guid":{"rendered":"https:\/\/golfandsteel.com\/?post_type=product&#038;p=1312"},"modified":"2023-11-21T19:19:00","modified_gmt":"2023-11-21T18:19:00","slug":"magazinstaender-pro3","status":"publish","type":"product","link":"https:\/\/golfandsteel.com\/en\/product\/magazinstaender-pro3\/","title":{"rendered":"Magazine rack"},"content":{"rendered":"<p><strong>Magazinst\u00e4nder PRO3 aus Stahl, pulverbeschichtet DB 703 matt<br \/>\nArtikel-Nr.:GOLF-MAGAZINST-ST-703<\/strong><\/p>\n<p>Abmessung ca. 135 cm, Breite ca. 31 cm, Tiefe ca. 40 cm,<br \/>\nGewicht: ca. 9 Kg<br \/>\nDelivery time approx. 2 weeks<br \/>\ninkl. Kontur eines Golfers gelasert, 3 F\u00e4cher<\/p>\n<p>gelasert, entgratet, gekantet, pulverbeschichtet DB 703 matt<\/p>\n<p>Magazinst\u00e4nder im Golfer-Design mit drei F\u00e4chern f\u00fcr Zeitschriften und Magazine.<br \/>\nStilvoll und einfach: Der Magazinst\u00e4nder verleiht Ihrem Zuhause, Ihrem B\u00fcro oder Ihrer Golfrezeption den besonderen Stil. In 3 F\u00e4chern organisieren Sie Ihren Zeitschriften und Prospekte.<br \/>\nHergestellt aus Stahl, hochwertig pulverbeschichtet in DB 703 matt, ist dieser elegante Magazinst\u00e4nder ein optisches Highlight.<\/p>\n<p>Individuelle Club-Logos oder Motive bieten wir auf Wunsch bzw. Anfrage an.<br \/>\nPlease contact us: <a href=\"mailto:mail@golfandsteel.com\">mail@golfandsteel.com<\/a><\/p>","protected":false},"excerpt":{"rendered":"<p>Magazine rack for magazines, newspapers and brochures with 3 compartments and golf motif<\/p>","protected":false},"featured_media":1315,"comment_status":"open","ping_status":"closed","template":"","meta":{"_acf_changed":false,"iawp_total_views":79},"product_brand":[],"product_cat":[28,26],"product_tag":[21],"class_list":{"0":"post-1312","1":"product","2":"type-product","3":"status-publish","4":"has-post-thumbnail","6":"product_cat-golfclubs","7":"product_cat-accessoires","8":"product_tag-neu","9":"product_shipping_class-spedition","11":"first","12":"instock","13":"taxable","14":"shipping-taxable","15":"purchasable","16":"product-type-simple"},"acf":[],"_links":{"self":[{"href":"https:\/\/golfandsteel.com\/en\/wp-json\/wp\/v2\/product\/1312","targetHints":{"allow":["GET"]}}],"collection":[{"href":"https:\/\/golfandsteel.com\/en\/wp-json\/wp\/v2\/product"}],"about":[{"href":"https:\/\/golfandsteel.com\/en\/wp-json\/wp\/v2\/types\/product"}],"replies":[{"embeddable":true,"href":"https:\/\/golfandsteel.com\/en\/wp-json\/wp\/v2\/comments?post=1312"}],"wp:featuredmedia":[{"embeddable":true,"href":"https:\/\/golfandsteel.com\/en\/wp-json\/wp\/v2\/media\/1315"}],"wp:attachment":[{"href":"https:\/\/golfandsteel.com\/en\/wp-json\/wp\/v2\/media?parent=1312"}],"wp:term":[{"taxonomy":"product_brand","embeddable":true,"href":"https:\/\/golfandsteel.com\/en\/wp-json\/wp\/v2\/product_brand?post=1312"},{"taxonomy":"product_cat","embeddable":true,"href":"https:\/\/golfandsteel.com\/en\/wp-json\/wp\/v2\/product_cat?post=1312"},{"taxonomy":"product_tag","embeddable":true,"href":"https:\/\/golfandsteel.com\/en\/wp-json\/wp\/v2\/product_tag?post=1312"}],"curies":[{"name":"wp","href":"https:\/\/api.w.org\/{rel}","templated":true}]}}