{"id":1306,"date":"2023-11-09T19:15:57","date_gmt":"2023-11-09T18:15:57","guid":{"rendered":"https:\/\/golfandsteel.com\/?post_type=product&#038;p=1306"},"modified":"2024-05-13T16:02:53","modified_gmt":"2024-05-13T14:02:53","slug":"club-rack-17-bundel-2-stueck-fuer-simulatorraeume","status":"publish","type":"product","link":"https:\/\/golfandsteel.com\/en\/product\/club-rack-17-bundel-2-stueck-fuer-simulatorraeume\/","title":{"rendered":"Club-Rack 17 for simulator rooms - set of 2 pieces"},"content":{"rendered":"<p>One set of Club Racks 17 for golf simulators and simulator rooms, powder-coated RAL9005 fine structure<\/p>\n<p><strong>This set contains 2 pieces<\/strong><\/p>\n<p>Article no.:GOLFSCHL-RACK-PRO17-9005<\/p>\n<p>Dimensions H approx. 100 x W 750 x D 280 mm<\/p>\n<p>Weight: approx. 7.5 kg each - total weight approx. 15 kg<\/p>\n<p>Laser-cut, deburred, edged, powder-coated RAL 9005 black fine structure<\/p>\n<p>Without sticks<\/p>\n<p>2 holders for up to 17 golf clubs each.<\/p>\n<p>There is space for up to 17 rackets in this modern stand, which automatically balances your rackets thanks to its clever design.<\/p>\n<p>Upgrade the training area in your simulator with a visual highlight and functional club rack. Our club racks help you as the operator to keep your training area tidy and protect your walls from scratches and dirt. They provide players with an excellent overview of their clubs and avoid the hassle of rummaging around in the bag.<\/p>","protected":false},"excerpt":{"rendered":"<p>2 Schl\u00e4gerst\u00e4nder f\u00fcr bis zu je 17 Golfschl\u00e4ger. F\u00fcr den Einsatz im Golfsimulator.<\/p>","protected":false},"featured_media":1307,"comment_status":"open","ping_status":"closed","template":"","meta":{"_acf_changed":false,"iawp_total_views":133},"product_brand":[],"product_cat":[28],"product_tag":[21],"class_list":{"0":"post-1306","1":"product","2":"type-product","3":"status-publish","4":"has-post-thumbnail","6":"product_cat-golfclubs","7":"product_tag-neu","8":"product_shipping_class-paket-bis-315-kg","10":"first","11":"instock","12":"taxable","13":"shipping-taxable","14":"purchasable","15":"product-type-simple"},"acf":[],"_links":{"self":[{"href":"https:\/\/golfandsteel.com\/en\/wp-json\/wp\/v2\/product\/1306","targetHints":{"allow":["GET"]}}],"collection":[{"href":"https:\/\/golfandsteel.com\/en\/wp-json\/wp\/v2\/product"}],"about":[{"href":"https:\/\/golfandsteel.com\/en\/wp-json\/wp\/v2\/types\/product"}],"replies":[{"embeddable":true,"href":"https:\/\/golfandsteel.com\/en\/wp-json\/wp\/v2\/comments?post=1306"}],"wp:featuredmedia":[{"embeddable":true,"href":"https:\/\/golfandsteel.com\/en\/wp-json\/wp\/v2\/media\/1307"}],"wp:attachment":[{"href":"https:\/\/golfandsteel.com\/en\/wp-json\/wp\/v2\/media?parent=1306"}],"wp:term":[{"taxonomy":"product_brand","embeddable":true,"href":"https:\/\/golfandsteel.com\/en\/wp-json\/wp\/v2\/product_brand?post=1306"},{"taxonomy":"product_cat","embeddable":true,"href":"https:\/\/golfandsteel.com\/en\/wp-json\/wp\/v2\/product_cat?post=1306"},{"taxonomy":"product_tag","embeddable":true,"href":"https:\/\/golfandsteel.com\/en\/wp-json\/wp\/v2\/product_tag?post=1306"}],"curies":[{"name":"wp","href":"https:\/\/api.w.org\/{rel}","templated":true}]}}