{"id":1080,"date":"2022-03-23T10:47:17","date_gmt":"2022-03-23T09:47:17","guid":{"rendered":"http:\/\/golfandsteel.com\/?post_type=product&#038;p=1080"},"modified":"2025-09-28T13:39:42","modified_gmt":"2025-09-28T11:39:42","slug":"golfball-wandrack-pro12-gc-gutberge-bundle","status":"publish","type":"product","link":"https:\/\/golfandsteel.com\/en\/product\/golfball-wandrack-pro12-gc-gutberge-bundle\/","title":{"rendered":"GC Gut Berge Bundle - 3x Golf ball wall rack PRO12 (green\/blue\/white)"},"content":{"rendered":"<p><strong>Present your golf logo balls in style with the PRO12 wall rack!<br \/>\n<\/strong><br \/>\nMit unserem exklusiven Wandrack PRO12 f\u00fcr Golf-Logob\u00e4lle setzen Sie Ihre Sammlung perfekt in Szene. Das Rack bietet Platz f\u00fcr 12 Golf-Logob\u00e4lle.<br \/>\nAvailable in different colors, our PRO12 wall rack offers the opportunity to create individual color combinations - to match the colors of your golf club or your favorite football club.<br \/>\nAdd a personal touch to your golf room, office or any other space that expresses your passion.<br \/>\nThe PRO12 wall rack is easy to assemble and can be expanded with additional racks at any time. This is how your Logoball collection grows and the wall rack simply grows with you!<br \/>\nGet your personal wall rack now and display your golf logo balls in style!<\/p>\n<p>&nbsp;<\/p>\n<p><strong>For wall mounting, vertical<br \/>\n<\/strong>Artikel-Nr.: WRPRO12-GCGB<\/p>\n<p>Dimensions: 35 x 40 x 660 mm (depth x width x height)<\/p>\n<p>Mounting kit included (dowels, screws, and mounting instructions)<\/p>\n<p>Material:<br \/>\nSteel, each powder-coated:<br \/>\n1x RAL 6024 (traffic green);<br \/>\n1x RAL 5002 (ultramarine blue);<br \/>\n1x RAL 9016 (traffic white);<\/p>\n<p>laser-cut, edged and coated.<\/p>\n<p>Made in Germany.<br \/>\nWeight: each 0.5 kg<\/p>\n<p>&nbsp;<\/p>\n<p><strong>Downloads for this article:<\/strong><br \/>\n<a href=\"\/wp-content\/uploads\/GS-Montageanleitung_WRPRO12.pdf\">Assembly Instructions WRPRO12<\/a><\/p>","protected":false},"excerpt":{"rendered":"<p>3x golf ball racks for 12 golf balls each for wall mounting in the colors of the Gut Berge Gevelsberg\/Wetter e. V<\/p>","protected":false},"featured_media":1081,"comment_status":"open","ping_status":"closed","template":"","meta":{"_acf_changed":false,"iawp_total_views":103},"product_brand":[],"product_cat":[18],"product_tag":[21],"class_list":{"0":"post-1080","1":"product","2":"type-product","3":"status-publish","4":"has-post-thumbnail","6":"product_cat-wandracks","7":"product_tag-neu","8":"product_shipping_class-paket-bis-5-kg","10":"first","11":"instock","12":"taxable","13":"shipping-taxable","14":"purchasable","15":"product-type-simple"},"acf":[],"_links":{"self":[{"href":"https:\/\/golfandsteel.com\/en\/wp-json\/wp\/v2\/product\/1080","targetHints":{"allow":["GET"]}}],"collection":[{"href":"https:\/\/golfandsteel.com\/en\/wp-json\/wp\/v2\/product"}],"about":[{"href":"https:\/\/golfandsteel.com\/en\/wp-json\/wp\/v2\/types\/product"}],"replies":[{"embeddable":true,"href":"https:\/\/golfandsteel.com\/en\/wp-json\/wp\/v2\/comments?post=1080"}],"wp:featuredmedia":[{"embeddable":true,"href":"https:\/\/golfandsteel.com\/en\/wp-json\/wp\/v2\/media\/1081"}],"wp:attachment":[{"href":"https:\/\/golfandsteel.com\/en\/wp-json\/wp\/v2\/media?parent=1080"}],"wp:term":[{"taxonomy":"product_brand","embeddable":true,"href":"https:\/\/golfandsteel.com\/en\/wp-json\/wp\/v2\/product_brand?post=1080"},{"taxonomy":"product_cat","embeddable":true,"href":"https:\/\/golfandsteel.com\/en\/wp-json\/wp\/v2\/product_cat?post=1080"},{"taxonomy":"product_tag","embeddable":true,"href":"https:\/\/golfandsteel.com\/en\/wp-json\/wp\/v2\/product_tag?post=1080"}],"curies":[{"name":"wp","href":"https:\/\/api.w.org\/{rel}","templated":true}]}}