{"id":3,"date":"2020-01-28T17:28:51","date_gmt":"2020-01-28T16:28:51","guid":{"rendered":"http:\/\/golf-and-steel-website.ddev.site\/?page_id=3"},"modified":"2026-01-24T20:04:21","modified_gmt":"2026-01-24T19:04:21","slug":"datenschutzerklaerung","status":"publish","type":"page","link":"https:\/\/golfandsteel.com\/en\/datenschutzerklaerung\/","title":{"rendered":"Data protection"},"content":{"rendered":"<h2 class=\"wp-block-heading\">Who we are<\/h2>\r\n\r\n\r\n\r\n<p>Our website address is: http:\/\/golf-and-steel-website.ddev.site.<\/p>\r\n\r\n\r\n\r\n<h2 class=\"wp-block-heading\">What personal data we collect and why we collect it<\/h2>\r\n\r\n\r\n\r\n<h3 class=\"wp-block-heading\">Comments<\/h3>\r\n\r\n\r\n\r\n<p>When visitors post comments on the site, we collect the data displayed in the comment form, as well as the visitor's IP address and user agent string (which identifies the browser) to help detect spam.<\/p>\r\n\r\n\r\n\r\n<p>An anonymized string (also called a hash) may be created from your email address and passed to the Gravatar service to verify that you are using it. The privacy policy of the Gravatar service can be found here: https:\/\/automattic.com\/privacy\/. After your comment is approved, your profile picture will be publicly visible in the context of your comment.<\/p>\r\n\r\n\r\n\r\n<h3 class=\"wp-block-heading\">Media<\/h3>\r\n\r\n\r\n\r\n<p>If you are a registered user and upload photos to this website, you should avoid uploading photos with an EXIF GPS location. Visitors to this website could download photos stored on this website and extract their location information.<\/p>\r\n\r\n\r\n\r\n<h3 class=\"wp-block-heading\">Contact forms<\/h3>\r\n\r\n\r\n\r\n<h3 class=\"wp-block-heading\">Cookies<\/h3>\r\n\r\n\r\n\r\n<p>When you post a comment on our website, this may be consent to store your name, email address and website in cookies. This is a convenience feature so that when you post another comment, you don't have to re-enter all this data. These cookies are stored for one year.<\/p>\r\n\r\n\r\n\r\n<p>If you have an account and log in to this website, we will set a temporary cookie to determine if your browser accepts cookies. This cookie does not contain any personal data and is discarded when you close your browser.<\/p>\r\n\r\n\r\n\r\n<p>When you sign up, we will set up some cookies to store your login information and viewing options. Login cookies expire after two days and display option cookies expire after one year. If you select \"Stay signed in\" when you sign up, your sign-in will be maintained for two weeks. When you log out of your account, the sign-in cookies are deleted.<\/p>\r\n\r\n\r\n\r\n<p>When you edit or publish an article, an additional cookie is stored in your browser. This cookie does not contain any personal data and only refers to the post ID of the article you have just edited. The cookie expires after one day.<\/p>\r\n\r\n\r\n\r\n<h3 class=\"wp-block-heading\">Embedded content from other websites<\/h3>\r\n\r\n\r\n\r\n<p>Posts on this website may contain embedded content (e.g. videos, images, posts, etc.). Embedded content from other websites behaves exactly as if the visitor had visited the other website.<\/p>\r\n\r\n\r\n\r\n<p>These websites may collect information about you, use cookies, embed additional third party tracking services, and record your interaction with that embedded content, including your interaction with the embedded content if you have an account and are logged into that website.<\/p>\r\n\r\n\r\n\r\n<h3 class=\"wp-block-heading\">Analysis services<\/h3>\r\n\r\n\r\n\r\n<h2 class=\"wp-block-heading\">With whom we share your data<\/h2>\r\n\r\n\r\n\r\n<h2 class=\"wp-block-heading\">How long we store your data<\/h2>\r\n\r\n\r\n\r\n<p>When you post a comment, it is saved indefinitely, including metadata. This way, we can automatically detect and approve follow-up comments instead of keeping them in a moderation queue.<\/p>\r\n\r\n\r\n\r\n<p>For users who register on our website, we additionally store the personal information they provide in their user profiles. All users can view, change or delete their personal information at any time (the username cannot be changed). Administrators of the website can also view and change this information.<\/p>\r\n\r\n\r\n\r\n<h2 class=\"wp-block-heading\">What rights you have to your data<\/h2>\r\n\r\n\r\n\r\n<p>If you have an account on this website or have posted comments, you may request an export of your personal information from us, including any information you have provided to us. In addition, you can request the deletion of all personal data that we have stored about you. This does not include data that we are required to retain for administrative, legal or security purposes.<\/p>\r\n\r\n\r\n\r\n<h2 class=\"wp-block-heading\">Where we send your data<\/h2>\r\n\r\n\r\n\r\n<p>Visitor comments could be examined by an automated spam detection service.<br \/><br \/><\/p>\r\n<h2><strong>Nutzung der SalesViewer\u00ae-Technologie:<\/strong><\/h2>\r\n<p>Auf dieser Webseite werden mit der SalesViewer\u00ae-Technologie der SalesViewer\u00ae GmbH auf Grundlage berechtigter Interessen des Webseitenbetreibers (Art. 6 Abs.1 lit.f DSGVO) Daten zu Marketing-, Marktforschungs- und Optimierungszwecken gesammelt und gespeichert.<\/p>\r\n<p>Hierzu wird ein javascript-basierter Code eingesetzt, der zur Erhebung unternehmensbezogener Daten und der entsprechenden Nutzung dient. Die mit dieser Technologie erhobenen Daten werden \u00fcber eine nicht r\u00fcckrechenbare Einwegfunktion (sog. Hashing) verschl\u00fcsselt. Die Daten werden unmittelbar pseudonymisiert und nicht dazu benutzt, den Besucher dieser Webseite pers\u00f6nlich zu identifizieren.<\/p>\r\n<p>Der Datenerhebung und -speicherung kann jederzeit mit Wirkung f\u00fcr die Zukunft widersprochen werden, indem Sie bitte diesen Link HIER anklicken, um die Erfassung durch SalesViewer\u00ae innerhalb dieser Webseite zuk\u00fcnftig zu verhindern. Dabei wird ein Opt-out-Cookie f\u00fcr diese Webseite auf Ihrem Ger\u00e4t abgelegt. L\u00f6schen Sie Ihre Cookies in diesem Browser, m\u00fcssen Sie diesen Link erneut klicken.<\/p>\r\n<p>&nbsp;<\/p>\r\n\r\n\r\n\r\n<h2 class=\"wp-block-heading\">Your contact information<\/h2>\r\n\r\n\r\n\r\n<h2 class=\"wp-block-heading\">Further information<\/h2>\r\n\r\n\r\n\r\n<h3 class=\"wp-block-heading\">How we protect your data<\/h3>\r\n\r\n\r\n\r\n<h3 class=\"wp-block-heading\">What measures we offer in the event of data breaches<\/h3>\r\n\r\n\r\n\r\n<h3 class=\"wp-block-heading\">From which third parties we receive data<\/h3>\r\n\r\n\r\n\r\n<h3 class=\"wp-block-heading\">What automated decision making and\/or profiling we do with user data<\/h3>\r\n\r\n\r\n\r\n<h3 class=\"wp-block-heading\">Presumed disclosure obligations of the industry<\/h3>","protected":false},"excerpt":{"rendered":"<p>Wer wir sind Die Adresse unserer Website ist: http:\/\/golf-and-steel-website.ddev.site. Welche personenbezogenen Daten wir sammeln und warum wir sie sammeln Kommentare Wenn Besucher Kommentare auf der Website schreiben, sammeln wir die Daten, die im Kommentar-Formular angezeigt werden, au\u00dferdem die IP-Adresse des Besuchers und den User-Agent-String (damit wird der Browser identifiziert), um die Erkennung von Spam zu [&hellip;]<\/p>\n","protected":false},"author":3,"featured_media":0,"parent":0,"menu_order":12,"comment_status":"closed","ping_status":"open","template":"","meta":{"_acf_changed":false,"iawp_total_views":52,"footnotes":""},"class_list":["post-3","page","type-page","status-publish","hentry"],"acf":[],"_links":{"self":[{"href":"https:\/\/golfandsteel.com\/en\/wp-json\/wp\/v2\/pages\/3","targetHints":{"allow":["GET"]}}],"collection":[{"href":"https:\/\/golfandsteel.com\/en\/wp-json\/wp\/v2\/pages"}],"about":[{"href":"https:\/\/golfandsteel.com\/en\/wp-json\/wp\/v2\/types\/page"}],"author":[{"embeddable":true,"href":"https:\/\/golfandsteel.com\/en\/wp-json\/wp\/v2\/users\/3"}],"replies":[{"embeddable":true,"href":"https:\/\/golfandsteel.com\/en\/wp-json\/wp\/v2\/comments?post=3"}],"version-history":[{"count":8,"href":"https:\/\/golfandsteel.com\/en\/wp-json\/wp\/v2\/pages\/3\/revisions"}],"predecessor-version":[{"id":1862,"href":"https:\/\/golfandsteel.com\/en\/wp-json\/wp\/v2\/pages\/3\/revisions\/1862"}],"wp:attachment":[{"href":"https:\/\/golfandsteel.com\/en\/wp-json\/wp\/v2\/media?parent=3"}],"curies":[{"name":"wp","href":"https:\/\/api.w.org\/{rel}","templated":true}]}}