{"id":1480,"date":"2024-05-24T09:30:25","date_gmt":"2024-05-24T07:30:25","guid":{"rendered":"https:\/\/golfandsteel.com\/?page_id=1480"},"modified":"2024-07-01T19:12:11","modified_gmt":"2024-07-01T17:12:11","slug":"club-rack-17-fuer-golfsimulatorraeume","status":"publish","type":"page","link":"https:\/\/golfandsteel.com\/en\/club-rack-17-fuer-golfsimulatorraeume\/","title":{"rendered":"CLUB-RACK 17 f\u00fcr Golfsimulatorr\u00e4ume"},"content":{"rendered":"\t\t<div data-elementor-type=\"wp-page\" data-elementor-id=\"1480\" class=\"elementor elementor-1480\" data-elementor-post-type=\"page\">\n\t\t\t\t<div class=\"elementor-element elementor-element-bc0ecd e-con-full e-flex e-con e-parent\" data-id=\"bc0ecd\" data-element_type=\"container\" data-e-type=\"container\" data-settings=\"{&quot;background_background&quot;:&quot;classic&quot;}\">\n\t\t<div class=\"elementor-element elementor-element-26f8c458 e-con-full e-flex e-con e-child\" data-id=\"26f8c458\" data-element_type=\"container\" data-e-type=\"container\">\n\t\t\t\t<div class=\"elementor-element elementor-element-31285ebf elementor-invisible elementor-widget elementor-widget-heading\" data-id=\"31285ebf\" data-element_type=\"widget\" data-e-type=\"widget\" data-settings=\"{&quot;_animation&quot;:&quot;fadeIn&quot;}\" data-widget_type=\"heading.default\">\n\t\t\t\t<div class=\"elementor-widget-container\">\n\t\t\t\t\t<h1 class=\"elementor-heading-title elementor-size-default\">CLUB-RACK 17<\/h1>\t\t\t\t<\/div>\n\t\t\t\t<\/div>\n\t\t\t\t<div class=\"elementor-element elementor-element-995f732 elementor-invisible elementor-widget elementor-widget-heading\" data-id=\"995f732\" data-element_type=\"widget\" data-e-type=\"widget\" data-settings=\"{&quot;_animation&quot;:&quot;fadeIn&quot;}\" data-widget_type=\"heading.default\">\n\t\t\t\t<div class=\"elementor-widget-container\">\n\t\t\t\t\t<h1 class=\"elementor-heading-title elementor-size-default\">Zum Einsatz in Golfsimulatorr\u00e4ume<\/h1>\t\t\t\t<\/div>\n\t\t\t\t<\/div>\n\t\t\t\t<\/div>\n\t\t<div class=\"elementor-element elementor-element-33b8b97d e-con-full e-flex e-con e-child\" data-id=\"33b8b97d\" data-element_type=\"container\" data-e-type=\"container\">\n\t\t\t\t<div class=\"elementor-element elementor-element-2fdfef2b elementor-tablet-align-center elementor-mobile-align-center elementor-widget__width-inherit elementor-invisible elementor-widget elementor-widget-button\" data-id=\"2fdfef2b\" data-element_type=\"widget\" data-e-type=\"widget\" data-settings=\"{&quot;_animation&quot;:&quot;fadeIn&quot;,&quot;_animation_delay&quot;:200}\" data-widget_type=\"button.default\">\n\t\t\t\t<div class=\"elementor-widget-container\">\n\t\t\t\t\t\t\t\t\t<div class=\"elementor-button-wrapper\">\n\t\t\t\t\t<a class=\"elementor-button elementor-button-link elementor-size-sm\" href=\"https:\/\/golfandsteel.com\/product\/club-rack-17-fuer-simulatorraeume\/\">\n\t\t\t\t\t\t<span class=\"elementor-button-content-wrapper\">\n\t\t\t\t\t\t\t\t\t<span class=\"elementor-button-text\">Im Shop ansehen<\/span>\n\t\t\t\t\t<\/span>\n\t\t\t\t\t<\/a>\n\t\t\t\t<\/div>\n\t\t\t\t\t\t\t\t<\/div>\n\t\t\t\t<\/div>\n\t\t\t\t<div class=\"elementor-element elementor-element-36cdf795 elementor-widget elementor-widget-heading\" data-id=\"36cdf795\" data-element_type=\"widget\" data-e-type=\"widget\" data-widget_type=\"heading.default\">\n\t\t\t\t<div class=\"elementor-widget-container\">\n\t\t\t\t\t<h5 class=\"elementor-heading-title elementor-size-default\"><b>Upgraden Sie den Trainingsbereich<\/b> in Ihrem Simulator mit einem optischen Highlight und zugleich funktionellen Schl\u00e4gerst\u00e4nder.<\/h5>\t\t\t\t<\/div>\n\t\t\t\t<\/div>\n\t\t\t\t<\/div>\n\t\t\t\t<\/div>\n\t\t<div class=\"elementor-element elementor-element-124ef1db e-con-full e-flex e-con e-parent\" data-id=\"124ef1db\" data-element_type=\"container\" data-e-type=\"container\" data-settings=\"{&quot;background_background&quot;:&quot;classic&quot;}\">\n\t\t<div class=\"elementor-element elementor-element-2bb38923 e-con-full e-flex e-con e-child\" data-id=\"2bb38923\" data-element_type=\"container\" data-e-type=\"container\" data-settings=\"{&quot;background_background&quot;:&quot;classic&quot;}\">\n\t\t\t\t<\/div>\n\t\t\t\t<\/div>\n\t\t<div class=\"elementor-element elementor-element-618fee14 e-con-full e-flex e-con e-parent\" data-id=\"618fee14\" data-element_type=\"container\" data-e-type=\"container\" data-settings=\"{&quot;background_background&quot;:&quot;classic&quot;}\">\n\t\t<div class=\"elementor-element elementor-element-79a02fe7 e-con-full e-flex e-con e-child\" data-id=\"79a02fe7\" data-element_type=\"container\" data-e-type=\"container\">\n\t\t\t\t<div class=\"elementor-element elementor-element-714320ca elementor-widget-mobile__width-initial elementor-widget__width-initial elementor-widget elementor-widget-image\" data-id=\"714320ca\" data-element_type=\"widget\" data-e-type=\"widget\" data-settings=\"{&quot;motion_fx_motion_fx_scrolling&quot;:&quot;yes&quot;,&quot;motion_fx_translateY_effect&quot;:&quot;yes&quot;,&quot;motion_fx_translateY_speed&quot;:{&quot;unit&quot;:&quot;px&quot;,&quot;size&quot;:1,&quot;sizes&quot;:[]},&quot;motion_fx_devices&quot;:[&quot;desktop&quot;,&quot;tablet&quot;],&quot;motion_fx_translateY_affectedRange&quot;:{&quot;unit&quot;:&quot;%&quot;,&quot;size&quot;:&quot;&quot;,&quot;sizes&quot;:{&quot;start&quot;:0,&quot;end&quot;:100}}}\" data-widget_type=\"image.default\">\n\t\t\t\t<div class=\"elementor-widget-container\">\n\t\t\t\t\t\t\t\t\t\t\t\t\t\t\t<img fetchpriority=\"high\" decoding=\"async\" width=\"617\" height=\"768\" src=\"https:\/\/golfandsteel.com\/wp-content\/uploads\/Rack_17solo_v3.jpeg\" class=\"attachment-large size-large wp-image-1423\" alt=\"golfschl\u00e4ger racks, golf geschenk\" srcset=\"https:\/\/golfandsteel.com\/wp-content\/uploads\/Rack_17solo_v3.jpeg 617w, https:\/\/golfandsteel.com\/wp-content\/uploads\/Rack_17solo_v3-241x300.jpeg 241w, https:\/\/golfandsteel.com\/wp-content\/uploads\/Rack_17solo_v3-10x12.jpeg 10w, https:\/\/golfandsteel.com\/wp-content\/uploads\/Rack_17solo_v3-600x747.jpeg 600w, https:\/\/golfandsteel.com\/wp-content\/uploads\/Rack_17solo_v3-64x80.jpeg 64w\" sizes=\"(max-width: 617px) 100vw, 617px\" \/>\t\t\t\t\t\t\t\t\t\t\t\t\t\t\t<\/div>\n\t\t\t\t<\/div>\n\t\t\t\t<div class=\"elementor-element elementor-element-5348cbbe elementor-widget-mobile__width-initial elementor-widget elementor-widget-image\" data-id=\"5348cbbe\" data-element_type=\"widget\" data-e-type=\"widget\" data-settings=\"{&quot;motion_fx_motion_fx_scrolling&quot;:&quot;yes&quot;,&quot;motion_fx_translateY_effect&quot;:&quot;yes&quot;,&quot;motion_fx_translateY_direction&quot;:&quot;negative&quot;,&quot;motion_fx_translateY_speed&quot;:{&quot;unit&quot;:&quot;px&quot;,&quot;size&quot;:1,&quot;sizes&quot;:[]},&quot;motion_fx_devices&quot;:[&quot;desktop&quot;,&quot;tablet&quot;],&quot;motion_fx_translateY_affectedRange&quot;:{&quot;unit&quot;:&quot;%&quot;,&quot;size&quot;:&quot;&quot;,&quot;sizes&quot;:{&quot;start&quot;:0,&quot;end&quot;:100}}}\" data-widget_type=\"image.default\">\n\t\t\t\t<div class=\"elementor-widget-container\">\n\t\t\t\t\t\t\t\t\t\t\t\t\t\t\t<img decoding=\"async\" width=\"823\" height=\"1024\" src=\"https:\/\/golfandsteel.com\/wp-content\/uploads\/Gross-240606-Rack_17_solo_2057x2560-823x1024.jpeg\" class=\"attachment-large size-large wp-image-1533\" alt=\"\" srcset=\"https:\/\/golfandsteel.com\/wp-content\/uploads\/Gross-240606-Rack_17_solo_2057x2560-823x1024.jpeg 823w, https:\/\/golfandsteel.com\/wp-content\/uploads\/Gross-240606-Rack_17_solo_2057x2560-241x300.jpeg 241w, https:\/\/golfandsteel.com\/wp-content\/uploads\/Gross-240606-Rack_17_solo_2057x2560-768x955.jpeg 768w, https:\/\/golfandsteel.com\/wp-content\/uploads\/Gross-240606-Rack_17_solo_2057x2560-10x12.jpeg 10w, https:\/\/golfandsteel.com\/wp-content\/uploads\/Gross-240606-Rack_17_solo_2057x2560-600x746.jpeg 600w, https:\/\/golfandsteel.com\/wp-content\/uploads\/Gross-240606-Rack_17_solo_2057x2560-64x80.jpeg 64w, https:\/\/golfandsteel.com\/wp-content\/uploads\/Gross-240606-Rack_17_solo_2057x2560.jpeg 1029w\" sizes=\"(max-width: 823px) 100vw, 823px\" \/>\t\t\t\t\t\t\t\t\t\t\t\t\t\t\t<\/div>\n\t\t\t\t<\/div>\n\t\t\t\t<\/div>\n\t\t<div class=\"elementor-element elementor-element-58253ae6 e-con-full e-flex e-con e-child\" data-id=\"58253ae6\" data-element_type=\"container\" data-e-type=\"container\">\n\t\t\t\t<div class=\"elementor-element elementor-element-5d61f661 elementor-invisible elementor-widget elementor-widget-heading\" data-id=\"5d61f661\" data-element_type=\"widget\" data-e-type=\"widget\" data-settings=\"{&quot;_animation&quot;:&quot;fadeIn&quot;}\" data-widget_type=\"heading.default\">\n\t\t\t\t<div class=\"elementor-widget-container\">\n\t\t\t\t\t<h1 class=\"elementor-heading-title elementor-size-default\">Unsere Mission<\/h1>\t\t\t\t<\/div>\n\t\t\t\t<\/div>\n\t\t\t\t<div class=\"elementor-element elementor-element-1b28eba3 elementor-invisible elementor-widget elementor-widget-text-editor\" data-id=\"1b28eba3\" data-element_type=\"widget\" data-e-type=\"widget\" data-settings=\"{&quot;_animation&quot;:&quot;fadeIn&quot;,&quot;_animation_delay&quot;:200}\" data-widget_type=\"text-editor.default\">\n\t\t\t\t<div class=\"elementor-widget-container\">\n\t\t\t\t\t\t\t\t\t<p>Unsere Clubracks verhelfen Ihnen als Betreiber zu einer aufger\u00e4umten Trainingsfl\u00e4che und schonen ihre W\u00e4nde vor Kratzern und Verschmutzung.<\/p><p>Dem Spieler bieten sie eine top \u00dcbersicht \u00fcber seine Schl\u00e4ger und vermeiden das l\u00e4stige Kramen im Bag.<\/p>\t\t\t\t\t\t\t\t<\/div>\n\t\t\t\t<\/div>\n\t\t\t\t<div class=\"elementor-element elementor-element-6c8a737 elementor-invisible elementor-widget elementor-widget-text-editor\" data-id=\"6c8a737\" data-element_type=\"widget\" data-e-type=\"widget\" data-settings=\"{&quot;_animation&quot;:&quot;fadeIn&quot;,&quot;_animation_delay&quot;:200}\" data-widget_type=\"text-editor.default\">\n\t\t\t\t<div class=\"elementor-widget-container\">\n\t\t\t\t\t\t\t\t\t<ul><li>Platz f\u00fcr bis zu 17 Golfschl\u00e4ger<\/li><li>Stabile und platzsparende Konstruktion<\/li><li>Elegantes Design, passend f\u00fcr jedes Interieur<\/li><li>Hergestellt aus Stahl, hochwertig pulverbeschichtet<\/li><li>Made in Germany<\/li><\/ul>\t\t\t\t\t\t\t\t<\/div>\n\t\t\t\t<\/div>\n\t\t\t\t<\/div>\n\t\t\t\t<\/div>\n\t\t<div class=\"elementor-element elementor-element-7fadfd39 e-con-full e-flex e-con e-parent\" data-id=\"7fadfd39\" data-element_type=\"container\" data-e-type=\"container\">\n\t\t\t\t<div class=\"elementor-element elementor-element-2a99799 elementor-widget elementor-widget-gallery\" data-id=\"2a99799\" data-element_type=\"widget\" data-e-type=\"widget\" data-settings=\"{&quot;gap&quot;:{&quot;unit&quot;:&quot;px&quot;,&quot;size&quot;:34,&quot;sizes&quot;:[]},&quot;aspect_ratio&quot;:&quot;1:1&quot;,&quot;columns&quot;:2,&quot;lazyload&quot;:&quot;yes&quot;,&quot;gallery_layout&quot;:&quot;grid&quot;,&quot;columns_tablet&quot;:2,&quot;columns_mobile&quot;:1,&quot;gap_tablet&quot;:{&quot;unit&quot;:&quot;px&quot;,&quot;size&quot;:10,&quot;sizes&quot;:[]},&quot;gap_mobile&quot;:{&quot;unit&quot;:&quot;px&quot;,&quot;size&quot;:10,&quot;sizes&quot;:[]},&quot;link_to&quot;:&quot;file&quot;,&quot;overlay_background&quot;:&quot;yes&quot;,&quot;content_hover_animation&quot;:&quot;fade-in&quot;}\" data-widget_type=\"gallery.default\">\n\t\t\t\t<div class=\"elementor-widget-container\">\n\t\t\t\t\t\t\t<div class=\"elementor-gallery__container\">\n\t\t\t\t\t\t\t<a class=\"e-gallery-item elementor-gallery-item elementor-animated-content\" href=\"https:\/\/golfandsteel.com\/wp-content\/uploads\/Rack_17_golfplatz_innen_v9_gross_WEB.jpeg\" data-elementor-open-lightbox=\"yes\" data-elementor-lightbox-slideshow=\"2a99799\" data-e-action-hash=\"#elementor-action%3Aaction%3Dlightbox%26settings%3DeyJpZCI6MTQ5MCwidXJsIjoiaHR0cHM6XC9cL2dvbGZhbmRzdGVlbC5jb21cL3dwLWNvbnRlbnRcL3VwbG9hZHNcL1JhY2tfMTdfZ29sZnBsYXR6X2lubmVuX3Y5X2dyb3NzX1dFQi5qcGVnIiwic2xpZGVzaG93IjoiMmE5OTc5OSJ9\">\n\t\t\t\t\t<div class=\"e-gallery-image elementor-gallery-item__image\" data-thumbnail=\"https:\/\/golfandsteel.com\/wp-content\/uploads\/Rack_17_golfplatz_innen_v9_gross_WEB.jpeg\" data-width=\"768\" data-height=\"693\" aria-label=\"\" role=\"img\" ><\/div>\n\t\t\t\t\t\t\t\t\t\t\t<div class=\"elementor-gallery-item__overlay\"><\/div>\n\t\t\t\t\t\t\t\t\t\t\t\t\t\t<\/a>\n\t\t\t\t\t\t\t<a class=\"e-gallery-item elementor-gallery-item elementor-animated-content\" href=\"https:\/\/golfandsteel.com\/wp-content\/uploads\/Gross-240606-Rack_17_golfplatz_innen_v9_1920x1730.jpeg\" data-elementor-open-lightbox=\"yes\" data-elementor-lightbox-slideshow=\"2a99799\" data-e-action-hash=\"#elementor-action%3Aaction%3Dlightbox%26settings%3DeyJpZCI6MTUzMiwidXJsIjoiaHR0cHM6XC9cL2dvbGZhbmRzdGVlbC5jb21cL3dwLWNvbnRlbnRcL3VwbG9hZHNcL0dyb3NzLTI0MDYwNi1SYWNrXzE3X2dvbGZwbGF0el9pbm5lbl92OV8xOTIweDE3MzAuanBlZyIsInNsaWRlc2hvdyI6IjJhOTk3OTkifQ%3D%3D\">\n\t\t\t\t\t<div class=\"e-gallery-image elementor-gallery-item__image\" data-thumbnail=\"https:\/\/golfandsteel.com\/wp-content\/uploads\/Gross-240606-Rack_17_golfplatz_innen_v9_1920x1730-768x693.jpeg\" data-width=\"768\" data-height=\"693\" aria-label=\"\" role=\"img\" ><\/div>\n\t\t\t\t\t\t\t\t\t\t\t<div class=\"elementor-gallery-item__overlay\"><\/div>\n\t\t\t\t\t\t\t\t\t\t\t\t\t\t<\/a>\n\t\t\t\t\t<\/div>\n\t\t\t\t\t<\/div>\n\t\t\t\t<\/div>\n\t\t\t\t<div class=\"elementor-element elementor-element-55a03e00 elementor-widget elementor-widget-spacer\" data-id=\"55a03e00\" data-element_type=\"widget\" data-e-type=\"widget\" data-widget_type=\"spacer.default\">\n\t\t\t\t<div class=\"elementor-widget-container\">\n\t\t\t\t\t\t\t<div class=\"elementor-spacer\">\n\t\t\t<div class=\"elementor-spacer-inner\"><\/div>\n\t\t<\/div>\n\t\t\t\t\t\t<\/div>\n\t\t\t\t<\/div>\n\t\t\t\t<\/div>\n\t\t<div class=\"elementor-element elementor-element-0e86bcb e-con-full e-flex e-con e-parent\" data-id=\"0e86bcb\" data-element_type=\"container\" data-e-type=\"container\" data-settings=\"{&quot;background_background&quot;:&quot;gradient&quot;}\">\n\t\t<div class=\"elementor-element elementor-element-b82c2a9 e-con-full e-flex e-con e-child\" data-id=\"b82c2a9\" data-element_type=\"container\" data-e-type=\"container\">\n\t\t\t\t<div class=\"elementor-element elementor-element-4c022ba elementor-invisible elementor-widget elementor-widget-heading\" data-id=\"4c022ba\" data-element_type=\"widget\" data-e-type=\"widget\" data-settings=\"{&quot;_animation&quot;:&quot;fadeIn&quot;}\" data-widget_type=\"heading.default\">\n\t\t\t\t<div class=\"elementor-widget-container\">\n\t\t\t\t\t<h1 class=\"elementor-heading-title elementor-size-default\">CLUB-RACK 17<\/h1>\t\t\t\t<\/div>\n\t\t\t\t<\/div>\n\t\t\t\t<div class=\"elementor-element elementor-element-67887ba elementor-invisible elementor-widget elementor-widget-heading\" data-id=\"67887ba\" data-element_type=\"widget\" data-e-type=\"widget\" data-settings=\"{&quot;_animation&quot;:&quot;fadeIn&quot;}\" data-widget_type=\"heading.default\">\n\t\t\t\t<div class=\"elementor-widget-container\">\n\t\t\t\t\t<h1 class=\"elementor-heading-title elementor-size-default\">Zum Einsatz in Golfsimulatorr\u00e4ume<\/h1>\t\t\t\t<\/div>\n\t\t\t\t<\/div>\n\t\t\t\t<\/div>\n\t\t<div class=\"elementor-element elementor-element-c20fbf7 e-con-full e-flex e-con e-child\" data-id=\"c20fbf7\" data-element_type=\"container\" data-e-type=\"container\">\n\t\t\t\t<div class=\"elementor-element elementor-element-fea70a5 elementor-tablet-align-center elementor-mobile-align-center elementor-widget__width-inherit elementor-invisible elementor-widget elementor-widget-button\" data-id=\"fea70a5\" data-element_type=\"widget\" data-e-type=\"widget\" data-settings=\"{&quot;_animation&quot;:&quot;fadeIn&quot;,&quot;_animation_delay&quot;:200}\" data-widget_type=\"button.default\">\n\t\t\t\t<div class=\"elementor-widget-container\">\n\t\t\t\t\t\t\t\t\t<div class=\"elementor-button-wrapper\">\n\t\t\t\t\t<a class=\"elementor-button elementor-button-link elementor-size-sm\" href=\"https:\/\/golfandsteel.com\/product\/club-rack-17-fuer-simulatorraeume\/\">\n\t\t\t\t\t\t<span class=\"elementor-button-content-wrapper\">\n\t\t\t\t\t\t\t\t\t<span class=\"elementor-button-text\">Weitere Informationen im Shop...<\/span>\n\t\t\t\t\t<\/span>\n\t\t\t\t\t<\/a>\n\t\t\t\t<\/div>\n\t\t\t\t\t\t\t\t<\/div>\n\t\t\t\t<\/div>\n\t\t\t\t<div class=\"elementor-element elementor-element-7b47e30 elementor-widget elementor-widget-heading\" data-id=\"7b47e30\" data-element_type=\"widget\" data-e-type=\"widget\" data-widget_type=\"heading.default\">\n\t\t\t\t<div class=\"elementor-widget-container\">\n\t\t\t\t\t<h5 class=\"elementor-heading-title elementor-size-default\"><b>Upgraden Sie den Trainingsbereich!<\/b> <\/h5>\t\t\t\t<\/div>\n\t\t\t\t<\/div>\n\t\t\t\t<\/div>\n\t\t\t\t<\/div>\n\t\t\t\t<\/div>\n\t\t","protected":false},"excerpt":{"rendered":"<p>CLUB-RACK 17 Zum Einsatz in Golfsimulatorr\u00e4ume Im Shop ansehen Upgraden Sie den Trainingsbereich in Ihrem Simulator mit einem optischen Highlight und zugleich funktionellen Schl\u00e4gerst\u00e4nder. Unsere Mission Unsere Clubracks verhelfen Ihnen als Betreiber zu einer aufger\u00e4umten Trainingsfl\u00e4che und schonen ihre W\u00e4nde vor Kratzern und Verschmutzung. Dem Spieler bieten sie eine top \u00dcbersicht \u00fcber seine Schl\u00e4ger und [&hellip;]<\/p>\n","protected":false},"author":2,"featured_media":0,"parent":0,"menu_order":0,"comment_status":"closed","ping_status":"closed","template":"elementor_canvas","meta":{"_acf_changed":false,"iawp_total_views":17,"footnotes":""},"class_list":["post-1480","page","type-page","status-publish","hentry"],"acf":[],"_links":{"self":[{"href":"https:\/\/golfandsteel.com\/en\/wp-json\/wp\/v2\/pages\/1480","targetHints":{"allow":["GET"]}}],"collection":[{"href":"https:\/\/golfandsteel.com\/en\/wp-json\/wp\/v2\/pages"}],"about":[{"href":"https:\/\/golfandsteel.com\/en\/wp-json\/wp\/v2\/types\/page"}],"author":[{"embeddable":true,"href":"https:\/\/golfandsteel.com\/en\/wp-json\/wp\/v2\/users\/2"}],"replies":[{"embeddable":true,"href":"https:\/\/golfandsteel.com\/en\/wp-json\/wp\/v2\/comments?post=1480"}],"version-history":[{"count":38,"href":"https:\/\/golfandsteel.com\/en\/wp-json\/wp\/v2\/pages\/1480\/revisions"}],"predecessor-version":[{"id":1561,"href":"https:\/\/golfandsteel.com\/en\/wp-json\/wp\/v2\/pages\/1480\/revisions\/1561"}],"wp:attachment":[{"href":"https:\/\/golfandsteel.com\/en\/wp-json\/wp\/v2\/media?parent=1480"}],"curies":[{"name":"wp","href":"https:\/\/api.w.org\/{rel}","templated":true}]}}